{"id":10797,"date":"2024-04-24T11:46:14","date_gmt":"2024-04-24T09:46:14","guid":{"rendered":"https:\/\/workdeck.com\/?page_id=10797"},"modified":"2024-05-22T11:22:16","modified_gmt":"2024-05-22T09:22:16","slug":"bases-y-condiciones","status":"publish","type":"page","link":"https:\/\/workdeck.com\/es\/bases-y-condiciones\/","title":{"rendered":"Reglamento de Requisitos y Condiciones del Sorteo"},"content":{"rendered":"<h2>Reglamento de Requisitos y Condiciones del Sorteo<\/h2>\n<p>Art\u00edculo 1: La mec\u00e1nica, la organizaci\u00f3n, la publicidad y los derechos relacionados con el sorteo virtual, en adelante denominada la \u201cPromoci\u00f3n\u201d, son propiedad exclusiva de Workdeck y sus<br \/>\nempresas matrices, en adelante denominado \u201cWorkdeck\u201d.<\/p>\n<p>Art\u00edculo 2: El presente Reglamento de Requisitos y Condiciones del sorteo virtual, en adelante denominado \u201cReglamento\u201d, establece las reglas para participar del Sorteo que realiza Workdeck<br \/>\nentre quienes completen el formulario de LinkedIn y dejen sus comentarios y sigan a la cuenta de la empresa en Instagram, de conformidad con las condiciones y limitaciones establecidas en<br \/>\neste Reglamento.<\/p>\n<p>Art\u00edculo 3: La vigencia de la Promoci\u00f3n es por tiempo limitado iniciando el d\u00eda 25 de abril de 2024 a las 15:00 h CET y finalizando el d\u00eda 2 de mayo a las 15:00 h CET. El sorteo se llevar\u00e1 a<br \/>\ncabo el viernes 3 de mayo de 2024 y los ganadores ser\u00e1n anunciados en las redes sociales de Workdeck. Los ganadores tambi\u00e9n recibir\u00e1n una notificaci\u00f3n por correo electr\u00f3nico.<\/p>\n<p>Art\u00edculo 4: Para efectos del presente Reglamento, los clientes y usuarios aceptan y entienden, que el premio de esta Promoci\u00f3n ser\u00e1 entregado, \u00fanicamente, al cliente que resulte ganador y cumpla con todas las condiciones establecidas en los anuncios.<\/p>\n<p>Art\u00edculo 5: Es condici\u00f3n obligatoria para todos aquellos que participen, completar el formulario con sus datos (nombre completo, correo electr\u00f3nico laboral, pa\u00eds, empresa) en LinkedIn o<br \/>\nseguir a la cuenta de Workdeck y dejar un comentario en el post del sorteo en Instagram.<\/p>\n<p>Art\u00edculo 6: No podr\u00e1n participar de la Activaci\u00f3n, ni ser ganadores, los empleados de Workdeck y sus empresas matrices, ni sus familiares en primer grado de consanguinidad directa, o<br \/>\ncolateral de segundo grado.<\/p>\n<p>Art\u00edculo 7: Todo participante acepta entender y someterse en todos sus extremos al presente Reglamento. Asimismo, es obligaci\u00f3n de cada participante leer e informarse acerca del<br \/>\ncontenido del presente Reglamento que ser\u00e1 publicado en el sitio web de Workdeck www.workdeck.com<\/p>\n<p>Art\u00edculo 8: Para la selecci\u00f3n de los ganadores (ser\u00e1n dos personas, una en Instagram y otra en LinkedIn) se realizar\u00e1 el sorteo con una selecci\u00f3n al azar con una herramienta de sorteos,<br \/>\nteniendo en cuenta la participaci\u00f3n de todos los que hayan completado el formulario en LinkedIn y dejado comentarios y seguido al perfil en Instagram hasta la fecha de finalizaci\u00f3n del<br \/>\nconcurso. El premio de este sorteo ser\u00e1 entregado de manera virtual a cada ganador (uno de LinkedIn y otro de Instagram). El d\u00eda posterior al cierre del concurso, Workdeck comunicar\u00e1 en sus redes sociales el nombre de los dos (2) ganadores.<\/p>\n<p>Art\u00edculo 9: El premio del sorteo es una (1) suscripci\u00f3n a Workdeck por un a\u00f1o para un equipo de trabajo empresarial de hasta 20 personas. Se dar\u00e1 una suscripci\u00f3n para cada uno de los dos<br \/>\n(2) ganadores.<\/p>\n<p>Art\u00edculo 10: El premio no es transferible. Los ganadores deber\u00e1n cumplir con todos los pasos previos para poder acceder a su premio. En caso de no hacerlo se seleccionar\u00e1 un nuevo ganador.<\/p>\n<p>Art\u00edculo 11: El premio de esta Promoci\u00f3n ser\u00e1 entregado, \u00fanicamente, a las personas ganadoras.<\/p>\n<p>Art\u00edculo 12: Todas aquellas personas f\u00edsicas y jur\u00eddicas que deseen participar en la presente promoci\u00f3n, entienden y aceptan que con el s\u00f3lo hecho de ejecutar cualquiera de las mec\u00e1nicas<br \/>\ndescritas en este Reglamento, se obligan a someterse a este en todos sus extremos. Asimismo, es obligaci\u00f3n de cada participante leer e informarse acerca del contenido del mismo.<\/p>\n<p>Art\u00edculo 13: Workdeck podr\u00e1 introducir todas las medidas de seguridad que considere convenientes para el buen desarrollo del Sorteo, la cual ser\u00e1 suspendida en forma inmediata<br \/>\nsin asumir responsabilidad alguna, si se llegaren a detectar fraudes o cualquier otra irregularidad, o si se presentare una circunstancia de fuerza mayor, caso fortuito o hecho de un<br \/>\ntercero que afecte gravemente los intereses de Workdeck.<\/p>\n<p>Art\u00edculo 14: La promoci\u00f3n est\u00e1 sujeta a las condiciones y limitaciones que se indican en el presente Reglamento, incluyendo las siguientes:<\/p>\n<p>\u25cf Cualquier situaci\u00f3n anormal que se presente eventualmente con la promoci\u00f3n y que no estuviera prevista en el presente Reglamento, ser\u00e1 resuelta por Workdeck, en estricto apego a la legislaci\u00f3n espa\u00f1ola.<\/p>\n<p>\u25cf Las personas que resulten ganadoras, deber\u00e1n firmar un documento de recibido conforme de la entrega del premio, el cual autoriza a Workdeck para que su nombre e imagen aparezcan<br \/>\nen publicaciones y dem\u00e1s medios publicitarios y en general, en todo material de divulgaci\u00f3n de las actividades posteriores a la promoci\u00f3n, como entrega y recibo del premio, sin que implique remuneraci\u00f3n o compensaci\u00f3n adicional, ni reclamos por derechos de imagen. Esta autorizaci\u00f3n es un requisito y condici\u00f3n indispensable para hacerse acreedor del<br \/>\npremio.<\/p>\n<p>\u25cf Adicionalmente, aceptan expresamente que la responsabilidad de Workdeck se limita \u00fanicamente a la entrega del premio, quedando exonerado de toda responsabilidad, culpa, reclamo, demanda y acci\u00f3n ante cualquier instancia administrativa y\/o judicial por los efectos que directa o indirectamente puedan derivarse de este sorteo, ante el uso, aceptaci\u00f3n y disfrute del mismo.<\/p>\n<p>\u25cf Los clientes que resulten ganadores, no pueden exigir la devoluci\u00f3n, mejora y\/o intercambio del premio, a cambio de dinero u otro beneficio que as\u00ed pondere el ganador ante Workdeck; de la misma manera se establece que el premio no posee un valor comercial y por lo tanto, el cliente no podr\u00e1 comercializarlo en el mercado, siendo el ganador el \u00fanico responsable del uso que se le d\u00e9 al mismo. De igual forma Workdeck no se har\u00e1 responsable de gastos adicionales.<\/p>\n<p>\u25cf Cuando la naturaleza del premio, se encuentre asociado a un evento p\u00fablico de cualquier \u00edndole que no sea organizado por Workdeck y \u00e9ste es cancelado o pospuesto por causas ajenas a Workdeck, \u00e9ste \u00faltimo no asume ninguna responsabilidad al respecto, siendo as\u00ed que exime de toda responsabilidad a Workdeck en dicha situaci\u00f3n, por ende el cliente ganador, no podr\u00e1n exigir la devoluci\u00f3n del dinero.<\/p>\n<p>\u25cf Si se demuestra que una persona disfruta de la promoci\u00f3n por medio de enga\u00f1o o fraude, Workdeck podr\u00e1 reclamar el reembolso de los gastos, as\u00ed como eventuales p\u00e9rdidas y da\u00f1os del premio relacionado con la promoci\u00f3n asignados al titular del servicio en cuesti\u00f3n.<\/p>\n<p>\u25cf Los clientes que participan en la promoci\u00f3n entienden, aceptan y consienten que Workdeck pueda recabar y utilizar sus datos personales para prestar servicios conforme al presente Reglamento, as\u00ed como:<br \/>\n(i) para proporcionar la informaci\u00f3n, servicios o soporte relacionado con los servicios postventa de Workdeck;<br \/>\n(ii) Para identificarlo y contactarlo de vez en cuando con actualizaciones del servicio;<br \/>\n(iii) Para enviar otros mensajes que sean \u00fatiles para el servicio que brindamos.<br \/>\n(iv) Para gestionar nuestra relaci\u00f3n con usted y llevar a cabo cualquier administraci\u00f3n relacionada;<br \/>\n(v) Para proporcionar contenido, servicios y publicidad personalizados, dirigidos o basados en la ubicaci\u00f3n de nosotros y de terceros;<br \/>\n(vi) Para promocionar servicios, o los servicios de nuestros proveedores, incluso por correo electr\u00f3nico y a trav\u00e9s de plataformas de redes sociales (sujeto a los permisos de marketing pertinentes);<br \/>\n(vii) Para comparar la exactitud de la informaci\u00f3n y verificarla con terceros;<br \/>\n(viii) Para detectar, investigar y prevenir actividades que creemos que pueden ser potencialmente ilegales, ilegales o da\u00f1inas y para hacer cumplir las pol\u00edticas de Workdeck;<br \/>\n(ix) Para llevar a cabo investigaciones, incluidas investigaciones de mercado, investigaciones estad\u00edsticas sobre el tr\u00e1fico del sitio, ventas y otra informaci\u00f3n comercial para ayudarnos a mejorar los servicios que le brindamos y adaptar el Sitio;<br \/>\n(x) Para realizar un seguimiento de las \u00e1reas del sitio de Workdeck que visita, la cantidad de tiempo que pasa y la fecha y hora en que accede al sitio de Workdeck para permitirnos adaptarlo para que coincida mejor con sus intereses y \/ o preferencias.<\/p>\n<p>Art\u00edculo 15: Para evitar delitos de falsedad ideol\u00f3gica, el recibir el premio por parte de la persona f\u00edsica ser\u00e1 un acto personal\u00edsimo. Los clientes que resulten ganadores, para recibir el premio respectivo deber\u00e1n, de previo, cumplir con los siguientes requisitos:<\/p>\n<p>\u25cf Domicilio debidamente inscrito en: Espa\u00f1a, M\u00e9xico, Argentina, Colombia, Per\u00fa, Chile.<\/p>\n<p>\u25cf Tener como m\u00ednimo 18 a\u00f1os de edad o la mayor\u00eda de edad seg\u00fan establecida por cada uno de los Territorios y que sean legalmente capaces en el momento de su participaci\u00f3n.<\/p>\n<p>Art\u00edculo 16: Toda la publicidad de la promoci\u00f3n es con fines ilustrativos.<\/p>\n<p>Art\u00edculo 17: Workdeck se reserva el derecho de modificar este Reglamento en cualquier momento para introducir todas aquellas reformas necesarias que mejoren la Promoci\u00f3n. Estos<br \/>\ncambios si se hicieran, se dar\u00e1n a conocer de forma autom\u00e1tica en la p\u00e1gina web www.workdeck.com<\/p>\n<p>Art\u00edculo 18: Para mayor informaci\u00f3n, as\u00ed como, para la atenci\u00f3n de las consultas respectivas, los clientes pueden acceder a la p\u00e1gina web www.workdeck.com<\/p>\n<p>Art\u00edculo 19: El presente Reglamento rige a partir de su publicaci\u00f3n en la p\u00e1gina web.<\/p>\n","protected":false},"excerpt":{"rendered":"<p>Reglamento de Requisitos y Condiciones del Sorteo Art\u00edculo 1: La mec\u00e1nica, la organizaci\u00f3n, la publicidad y los derechos relacionados con el sorteo virtual, en adelante denominada la \u201cPromoci\u00f3n\u201d, son propiedad exclusiva de Workdeck y sus empresas matrices, en adelante denominado \u201cWorkdeck\u201d. Art\u00edculo 2: El presente Reglamento de Requisitos y Condiciones [&hellip;]<\/p>\n","protected":false},"author":9,"featured_media":0,"parent":0,"menu_order":0,"comment_status":"closed","ping_status":"closed","template":"page-legal.php","meta":{"_acf_changed":false,"footnotes":""},"class_list":["post-10797","page","type-page","status-publish","hentry"],"acf":[],"first_text":null,"_links":{"self":[{"href":"https:\/\/workdeck.com\/es\/wp-json\/wp\/v2\/pages\/10797","targetHints":{"allow":["GET"]}}],"collection":[{"href":"https:\/\/workdeck.com\/es\/wp-json\/wp\/v2\/pages"}],"about":[{"href":"https:\/\/workdeck.com\/es\/wp-json\/wp\/v2\/types\/page"}],"author":[{"embeddable":true,"href":"https:\/\/workdeck.com\/es\/wp-json\/wp\/v2\/users\/9"}],"replies":[{"embeddable":true,"href":"https:\/\/workdeck.com\/es\/wp-json\/wp\/v2\/comments?post=10797"}],"version-history":[{"count":6,"href":"https:\/\/workdeck.com\/es\/wp-json\/wp\/v2\/pages\/10797\/revisions"}],"predecessor-version":[{"id":11028,"href":"https:\/\/workdeck.com\/es\/wp-json\/wp\/v2\/pages\/10797\/revisions\/11028"}],"wp:attachment":[{"href":"https:\/\/workdeck.com\/es\/wp-json\/wp\/v2\/media?parent=10797"}],"curies":[{"name":"wp","href":"https:\/\/api.w.org\/{rel}","templated":true}]}}