{"id":2480,"date":"2022-04-04T16:51:05","date_gmt":"2022-04-04T14:51:05","guid":{"rendered":"https:\/\/newworkdeck.holarafa.com\/become-a-partner\/"},"modified":"2022-12-15T10:37:47","modified_gmt":"2022-12-15T09:37:47","slug":"hazte-partner","status":"publish","type":"page","link":"https:\/\/workdeck.com\/es\/hazte-partner\/","title":{"rendered":"Hazte partner"},"content":{"rendered":"<p>Jordi Caball\u00e9Workdeck es una excelente aplicaci\u00f3n de gesti\u00f3n de proyectos, una herramienta moderna y muy intuitiva, con muchas opciones integradas, lo que permite usar una \u00fanica herramienta para gestionar los proyectos. Adem\u00e1s su dise\u00f1o es simple y muy eficiente. Realmente la mejor aplicaci\u00f3n que hemos utilizado.<\/p>\n","protected":false},"excerpt":{"rendered":"<p>Jordi Caball\u00e9Workdeck es una excelente aplicaci\u00f3n de gesti\u00f3n de proyectos, una herramienta moderna y muy intuitiva, con muchas opciones integradas, lo que permite usar una \u00fanica herramienta para gestionar los proyectos. Adem\u00e1s su dise\u00f1o es simple y muy eficiente. Realmente la mejor aplicaci\u00f3n que hemos utilizado.<\/p>\n","protected":false},"author":1,"featured_media":0,"parent":0,"menu_order":0,"comment_status":"closed","ping_status":"closed","template":"page-become-a-partner.php","meta":{"_acf_changed":false,"footnotes":""},"class_list":["post-2480","page","type-page","status-publish","hentry"],"acf":[],"first_text":null,"_links":{"self":[{"href":"https:\/\/workdeck.com\/es\/wp-json\/wp\/v2\/pages\/2480","targetHints":{"allow":["GET"]}}],"collection":[{"href":"https:\/\/workdeck.com\/es\/wp-json\/wp\/v2\/pages"}],"about":[{"href":"https:\/\/workdeck.com\/es\/wp-json\/wp\/v2\/types\/page"}],"author":[{"embeddable":true,"href":"https:\/\/workdeck.com\/es\/wp-json\/wp\/v2\/users\/1"}],"replies":[{"embeddable":true,"href":"https:\/\/workdeck.com\/es\/wp-json\/wp\/v2\/comments?post=2480"}],"version-history":[{"count":4,"href":"https:\/\/workdeck.com\/es\/wp-json\/wp\/v2\/pages\/2480\/revisions"}],"predecessor-version":[{"id":5980,"href":"https:\/\/workdeck.com\/es\/wp-json\/wp\/v2\/pages\/2480\/revisions\/5980"}],"wp:attachment":[{"href":"https:\/\/workdeck.com\/es\/wp-json\/wp\/v2\/media?parent=2480"}],"curies":[{"name":"wp","href":"https:\/\/api.w.org\/{rel}","templated":true}]}}